{"id":13,"date":"2021-03-15T15:38:37","date_gmt":"2021-03-15T15:38:37","guid":{"rendered":"https:\/\/copperelectricidad.es\/?page_id=13"},"modified":"2023-05-12T09:11:36","modified_gmt":"2023-05-12T09:11:36","slug":"elementor-13","status":"publish","type":"page","link":"https:\/\/copperelectricidad.es\/","title":{"rendered":"Inicio"},"content":{"rendered":"\t\t<div data-elementor-type=\"wp-page\" data-elementor-id=\"13\" class=\"elementor elementor-13\" data-elementor-settings=\"{&quot;ha_cmc_init_switcher&quot;:&quot;no&quot;}\" data-elementor-post-type=\"page\">\n\t\t\t\t\t\t<section class=\"elementor-section elementor-top-section elementor-element elementor-element-d0738d4 elementor-section-full_width elementor-section-stretched elementor-section-height-default elementor-section-height-default\" data-id=\"d0738d4\" data-element_type=\"section\" data-settings=\"{&quot;stretch_section&quot;:&quot;section-stretched&quot;,&quot;_ha_eqh_enable&quot;:false}\">\n\t\t\t\t\t\t<div class=\"elementor-container elementor-column-gap-default\">\n\t\t\t\t\t<div class=\"elementor-column elementor-col-100 elementor-top-column elementor-element elementor-element-578fa5c\" data-id=\"578fa5c\" data-element_type=\"column\">\n\t\t\t<div class=\"elementor-widget-wrap elementor-element-populated\">\n\t\t\t\t\t\t<div class=\"elementor-element elementor-element-c7c3208 elementor-widget elementor-widget-wp-widget-rev-slider-widget\" data-id=\"c7c3208\" data-element_type=\"widget\" data-widget_type=\"wp-widget-rev-slider-widget.default\">\n\t\t\t\t<div class=\"elementor-widget-container\">\n\t\t\t\t\t\n\t\t\t<!-- START Slider 1 REVOLUTION SLIDER 6.7.4 --><p class=\"rs-p-wp-fix\"><\/p>\n\t\t\t<rs-module-wrap id=\"rev_slider_1_1_wrapper\" data-source=\"gallery\" style=\"visibility:hidden;background:transparent;padding:0;margin:0px auto;margin-top:0;margin-bottom:0;\">\n\t\t\t\t<rs-module id=\"rev_slider_1_1\" style=\"\" data-version=\"6.7.4\">\n\t\t\t\t\t<rs-slides style=\"overflow: hidden; position: absolute;\">\n\t\t\t\t\t\t<rs-slide style=\"position: absolute;\" data-key=\"rs-1\" data-title=\"Slide\" data-thumb=\"\/\/copperelectricidad.es\/wp-content\/uploads\/2021\/03\/2sx-Large-gigapixel-scale-4k-scaled-50x100.jpg\" data-anim=\"adpr:false;\" data-in=\"o:0;\" data-out=\"a:false;\">\n\t\t\t\t\t\t\t<img fetchpriority=\"high\" decoding=\"async\" src=\"\/\/copperelectricidad.es\/wp-content\/plugins\/revslider\/sr6\/assets\/assets\/dummy.png\" alt=\"\" title=\"2sx-Large-gigapixel-scale-4k\" width=\"2560\" height=\"1920\" class=\"rev-slidebg tp-rs-img rs-lazyload\" data-lazyload=\"\/\/copperelectricidad.es\/wp-content\/uploads\/2021\/03\/2sx-Large-gigapixel-scale-4k-scaled.jpg\" data-panzoom=\"d:10000;ss:100;se:120%;\" data-no-retina>\n<!---->\t\t\t\t\t<\/rs-slide>\n\t\t\t\t\t\t<rs-slide style=\"position: absolute;\" data-key=\"rs-2\" data-title=\"Slide\" data-thumb=\"\/\/copperelectricidad.es\/wp-content\/uploads\/2021\/03\/1-AdobeStock_170179753-scaled-50x100.jpeg\" data-anim=\"adpr:false;\" data-in=\"o:0;\" data-out=\"a:false;\">\n\t\t\t\t\t\t\t<img decoding=\"async\" src=\"\/\/copperelectricidad.es\/wp-content\/plugins\/revslider\/sr6\/assets\/assets\/dummy.png\" alt=\"\" title=\"AdobeStock_170179753\" width=\"2560\" height=\"1356\" class=\"rev-slidebg tp-rs-img rs-lazyload\" data-lazyload=\"\/\/copperelectricidad.es\/wp-content\/uploads\/2021\/03\/1-AdobeStock_170179753-scaled.jpeg\" data-panzoom=\"d:10000;ss:100;se:120%;\" data-no-retina>\n<!---->\t\t\t\t\t<\/rs-slide>\n\t\t\t\t\t\t<rs-slide style=\"position: absolute;\" data-key=\"rs-3\" data-title=\"Slide\" data-thumb=\"\/\/copperelectricidad.es\/wp-content\/uploads\/2021\/03\/1-external-content.duckduckgo-50x100.jpg\" data-anim=\"adpr:false;\" data-in=\"o:0;\" data-out=\"a:false;\">\n\t\t\t\t\t\t\t<img decoding=\"async\" src=\"\/\/copperelectricidad.es\/wp-content\/plugins\/revslider\/sr6\/assets\/assets\/dummy.png\" alt=\"\" title=\"external-content.duckduckgo\" width=\"1500\" height=\"1000\" class=\"rev-slidebg tp-rs-img rs-lazyload\" data-lazyload=\"\/\/copperelectricidad.es\/wp-content\/uploads\/2021\/03\/1-external-content.duckduckgo.jpg\" data-panzoom=\"d:10000;ss:100;se:120%;\" data-no-retina>\n<!---->\t\t\t\t\t<\/rs-slide>\n\t\t\t\t\t<\/rs-slides>\n\t\t\t\t<\/rs-module>\n\t\t\t\t<script>\n\t\t\t\t\tsetREVStartSize({c: 'rev_slider_1_1',rl:[1240,1024,778,480],el:[640],gw:[1240],gh:[640],type:'standard',justify:'',layout:'fullwidth',mh:\"0\"});if (window.RS_MODULES!==undefined && window.RS_MODULES.modules!==undefined && window.RS_MODULES.modules[\"revslider11\"]!==undefined) {window.RS_MODULES.modules[\"revslider11\"].once = false;window.revapi1 = undefined;if (window.RS_MODULES.checkMinimal!==undefined) window.RS_MODULES.checkMinimal()}\n\t\t\t\t<\/script>\n\t\t\t<\/rs-module-wrap>\n\t\t\t<!-- END REVOLUTION SLIDER -->\n\t\t\t\t<\/div>\n\t\t\t\t<\/div>\n\t\t\t\t\t<\/div>\n\t\t<\/div>\n\t\t\t\t\t<\/div>\n\t\t<\/section>\n\t\t\t\t<section class=\"elementor-section elementor-top-section elementor-element elementor-element-eae82f0 elementor-section-stretched elementor-section-boxed elementor-section-height-default elementor-section-height-default\" data-id=\"eae82f0\" data-element_type=\"section\" data-settings=\"{&quot;stretch_section&quot;:&quot;section-stretched&quot;,&quot;_ha_eqh_enable&quot;:false}\">\n\t\t\t\t\t\t<div class=\"elementor-container elementor-column-gap-default\">\n\t\t\t\t\t<div class=\"elementor-column elementor-col-20 elementor-top-column elementor-element elementor-element-6e25a4e\" data-id=\"6e25a4e\" data-element_type=\"column\">\n\t\t\t<div class=\"elementor-widget-wrap elementor-element-populated\">\n\t\t\t\t\t\t<div class=\"elementor-element elementor-element-a5383cd elementor-widget elementor-widget-mfn_icon_box\" data-id=\"a5383cd\" data-element_type=\"widget\" data-widget_type=\"mfn_icon_box.default\">\n\t\t\t\t<div class=\"elementor-widget-container\">\n\t\t\t\t\t<div class=\"icon_box icon_position_top no_border\"><div class=\"icon_wrapper\"><div class=\"icon\"><i class=\"eci  copper-flash\" aria-hidden=\"true\"><\/i><\/div><\/div><div class=\"desc_wrapper\"><div class=\"desc\"><p>Proyectos El\u00e9ctricos de MT y AT en Obra Civil.<\/p><\/div><\/div><\/div>\n\t\t\t\t<\/div>\n\t\t\t\t<\/div>\n\t\t\t\t\t<\/div>\n\t\t<\/div>\n\t\t\t\t<div class=\"elementor-column elementor-col-20 elementor-top-column elementor-element elementor-element-020b010\" data-id=\"020b010\" data-element_type=\"column\">\n\t\t\t<div class=\"elementor-widget-wrap elementor-element-populated\">\n\t\t\t\t\t\t<div class=\"elementor-element elementor-element-9ca8cad elementor-widget elementor-widget-mfn_icon_box\" data-id=\"9ca8cad\" data-element_type=\"widget\" data-widget_type=\"mfn_icon_box.default\">\n\t\t\t\t<div class=\"elementor-widget-container\">\n\t\t\t\t\t<div class=\"icon_box icon_position_top no_border\"><div class=\"icon_wrapper\"><div class=\"icon\"><i class=\"eci  copper-tools\" aria-hidden=\"true\"><\/i><\/div><\/div><div class=\"desc_wrapper\"><div class=\"desc\"><p>Montaje de Cuadros El\u00e9ctricos.<\/p><\/div><\/div><\/div>\n\t\t\t\t<\/div>\n\t\t\t\t<\/div>\n\t\t\t\t\t<\/div>\n\t\t<\/div>\n\t\t\t\t<div class=\"elementor-column elementor-col-20 elementor-top-column elementor-element elementor-element-6057981\" data-id=\"6057981\" data-element_type=\"column\">\n\t\t\t<div class=\"elementor-widget-wrap elementor-element-populated\">\n\t\t\t\t\t\t<div class=\"elementor-element elementor-element-3315c5a elementor-widget elementor-widget-mfn_icon_box\" data-id=\"3315c5a\" data-element_type=\"widget\" data-widget_type=\"mfn_icon_box.default\">\n\t\t\t\t<div class=\"elementor-widget-container\">\n\t\t\t\t\t<div class=\"icon_box icon_position_top no_border\"><div class=\"icon_wrapper\"><div class=\"icon\"><i class=\"eci  copper-recycle\" aria-hidden=\"true\"><\/i><\/div><\/div><div class=\"desc_wrapper\"><div class=\"desc\"><p>Estudios de Eficiencia Energ\u00e9tica.<\/p><\/div><\/div><\/div>\n\t\t\t\t<\/div>\n\t\t\t\t<\/div>\n\t\t\t\t\t<\/div>\n\t\t<\/div>\n\t\t\t\t<div class=\"elementor-column elementor-col-20 elementor-top-column elementor-element elementor-element-2a3b109\" data-id=\"2a3b109\" data-element_type=\"column\">\n\t\t\t<div class=\"elementor-widget-wrap elementor-element-populated\">\n\t\t\t\t\t\t<div class=\"elementor-element elementor-element-f0d29f4 elementor-widget elementor-widget-mfn_icon_box\" data-id=\"f0d29f4\" data-element_type=\"widget\" data-widget_type=\"mfn_icon_box.default\">\n\t\t\t\t<div class=\"elementor-widget-container\">\n\t\t\t\t\t<div class=\"icon_box icon_position_top no_border\"><div class=\"icon_wrapper\"><div class=\"icon\"><i class=\"eci  copper-leaf\" aria-hidden=\"true\"><\/i><\/div><\/div><div class=\"desc_wrapper\"><div class=\"desc\"><p>Energ\u00edas Alternativas.<\/p><\/div><\/div><\/div>\n\t\t\t\t<\/div>\n\t\t\t\t<\/div>\n\t\t\t\t\t<\/div>\n\t\t<\/div>\n\t\t\t\t<div class=\"elementor-column elementor-col-20 elementor-top-column elementor-element elementor-element-added1c\" data-id=\"added1c\" data-element_type=\"column\">\n\t\t\t<div class=\"elementor-widget-wrap elementor-element-populated\">\n\t\t\t\t\t\t<div class=\"elementor-element elementor-element-e0bbb5c elementor-widget elementor-widget-mfn_icon_box\" data-id=\"e0bbb5c\" data-element_type=\"widget\" data-widget_type=\"mfn_icon_box.default\">\n\t\t\t\t<div class=\"elementor-widget-container\">\n\t\t\t\t\t<div class=\"icon_box icon_position_top no_border\"><div class=\"icon_wrapper\"><div class=\"icon\"><i class=\"icon1 icon1-warehouse1\" aria-hidden=\"true\"><\/i><\/div><\/div><div class=\"desc_wrapper\"><div class=\"desc\"><p>Dom\u00f3tica.<\/p><\/div><\/div><\/div>\n\t\t\t\t<\/div>\n\t\t\t\t<\/div>\n\t\t\t\t<div class=\"elementor-element elementor-element-dd8726b elementor-widget elementor-widget-spacer\" data-id=\"dd8726b\" data-element_type=\"widget\" data-widget_type=\"spacer.default\">\n\t\t\t\t<div class=\"elementor-widget-container\">\n\t\t\t\t\t\t\t<div class=\"elementor-spacer\">\n\t\t\t<div class=\"elementor-spacer-inner\"><\/div>\n\t\t<\/div>\n\t\t\t\t\t\t<\/div>\n\t\t\t\t<\/div>\n\t\t\t\t\t<\/div>\n\t\t<\/div>\n\t\t\t\t\t<\/div>\n\t\t<\/section>\n\t\t\t\t<section class=\"elementor-section elementor-top-section elementor-element elementor-element-d50127e elementor-section-stretched elementor-section-boxed elementor-section-height-default elementor-section-height-default\" data-id=\"d50127e\" data-element_type=\"section\" data-settings=\"{&quot;stretch_section&quot;:&quot;section-stretched&quot;,&quot;background_background&quot;:&quot;classic&quot;,&quot;background_motion_fx_motion_fx_scrolling&quot;:&quot;yes&quot;,&quot;background_motion_fx_translateY_effect&quot;:&quot;yes&quot;,&quot;background_motion_fx_translateY_speed&quot;:{&quot;unit&quot;:&quot;px&quot;,&quot;size&quot;:10,&quot;sizes&quot;:[]},&quot;background_motion_fx_translateY_affectedRange&quot;:{&quot;unit&quot;:&quot;%&quot;,&quot;size&quot;:&quot;&quot;,&quot;sizes&quot;:{&quot;start&quot;:0,&quot;end&quot;:100}},&quot;background_motion_fx_devices&quot;:[&quot;desktop&quot;,&quot;tablet&quot;,&quot;mobile&quot;],&quot;_ha_eqh_enable&quot;:false}\">\n\t\t\t\t\t\t<div class=\"elementor-container elementor-column-gap-default\">\n\t\t\t\t\t<div class=\"elementor-column elementor-col-100 elementor-top-column elementor-element elementor-element-5753a20\" data-id=\"5753a20\" data-element_type=\"column\">\n\t\t\t<div class=\"elementor-widget-wrap elementor-element-populated\">\n\t\t\t\t\t\t<div class=\"elementor-element elementor-element-a29fac0 elementor-widget elementor-widget-spacer\" data-id=\"a29fac0\" data-element_type=\"widget\" data-widget_type=\"spacer.default\">\n\t\t\t\t<div class=\"elementor-widget-container\">\n\t\t\t\t\t\t\t<div class=\"elementor-spacer\">\n\t\t\t<div class=\"elementor-spacer-inner\"><\/div>\n\t\t<\/div>\n\t\t\t\t\t\t<\/div>\n\t\t\t\t<\/div>\n\t\t\t\t<div class=\"elementor-element elementor-element-3b6d691 elementor-widget elementor-widget-heading\" data-id=\"3b6d691\" data-element_type=\"widget\" data-widget_type=\"heading.default\">\n\t\t\t\t<div class=\"elementor-widget-container\">\n\t\t\t\t\t<h2 class=\"elementor-heading-title elementor-size-default\">Sobre nosotros...<\/h2>\t\t\t\t<\/div>\n\t\t\t\t<\/div>\n\t\t\t\t<div class=\"elementor-element elementor-element-73101ec elementor-widget elementor-widget-text-editor\" data-id=\"73101ec\" data-element_type=\"widget\" data-widget_type=\"text-editor.default\">\n\t\t\t\t<div class=\"elementor-widget-container\">\n\t\t\t\t\t\t\t\t\t<p>Perteneciente a Grupo de Empresas Palau, tiene sedes en Ibiza, y Mallorca, por lo que puede dar servicio y cobertura a una amplia zona de acci\u00f3n.<br \/>Copper Servicios El\u00e9ctricos SL, empresa joven, especializada en:<br \/>&#8211; Montaje de Cuadros El\u00e9ctricos<br \/>&#8211; Proyectos El\u00e9ctricos de MT y AT en Obra Civil<br \/>&#8211; Dom\u00f3tica<br \/>&#8211; Energ\u00edas Alternativas<br \/>&#8211; Estudios de Eficiencia Energ\u00e9tica<br \/>Copper Servicios El\u00e9ctricos SL, est\u00e1 formada por un equipo profesional, que a\u00fana, juventud y experiencia, para poder dar respuesta a los clientes de manera profesional, din\u00e1mica y efectiva.<br \/>La empresa dispone de taller propio para el montaje de cuadros el\u00e9ctricos, y la preparaci\u00f3n de trabajos, ubicado en Palma de Mallorca.<\/p>\t\t\t\t\t\t\t\t<\/div>\n\t\t\t\t<\/div>\n\t\t\t\t<div class=\"elementor-element elementor-element-533a47e elementor-widget elementor-widget-spacer\" data-id=\"533a47e\" data-element_type=\"widget\" data-widget_type=\"spacer.default\">\n\t\t\t\t<div class=\"elementor-widget-container\">\n\t\t\t\t\t\t\t<div class=\"elementor-spacer\">\n\t\t\t<div class=\"elementor-spacer-inner\"><\/div>\n\t\t<\/div>\n\t\t\t\t\t\t<\/div>\n\t\t\t\t<\/div>\n\t\t\t\t\t<\/div>\n\t\t<\/div>\n\t\t\t\t\t<\/div>\n\t\t<\/section>\n\t\t\t\t<section class=\"elementor-section elementor-top-section elementor-element elementor-element-f168a49 elementor-section-boxed elementor-section-height-default elementor-section-height-default\" data-id=\"f168a49\" data-element_type=\"section\" data-settings=\"{&quot;_ha_eqh_enable&quot;:false}\">\n\t\t\t\t\t\t<div class=\"elementor-container elementor-column-gap-default\">\n\t\t\t\t\t<div class=\"elementor-column elementor-col-100 elementor-top-column elementor-element elementor-element-5848364\" data-id=\"5848364\" data-element_type=\"column\">\n\t\t\t<div class=\"elementor-widget-wrap elementor-element-populated\">\n\t\t\t\t\t\t<div class=\"elementor-element elementor-element-f263581 elementor-widget elementor-widget-spacer\" data-id=\"f263581\" data-element_type=\"widget\" data-widget_type=\"spacer.default\">\n\t\t\t\t<div class=\"elementor-widget-container\">\n\t\t\t\t\t\t\t<div class=\"elementor-spacer\">\n\t\t\t<div class=\"elementor-spacer-inner\"><\/div>\n\t\t<\/div>\n\t\t\t\t\t\t<\/div>\n\t\t\t\t<\/div>\n\t\t\t\t<div class=\"elementor-element elementor-element-096c841 elementor-widget elementor-widget-mfn_fancy_heading\" data-id=\"096c841\" data-element_type=\"widget\" data-widget_type=\"mfn_fancy_heading.default\">\n\t\t\t\t<div class=\"elementor-widget-container\">\n\t\t\t\t\t<div class=\"fancy_heading fancy_heading_line\"><div class=\"fh-top\"><\/div><h2 class=\"title\">Nuestros trabajos<\/h2><\/div>\n\t\t\t\t<\/div>\n\t\t\t\t<\/div>\n\t\t\t\t\t<\/div>\n\t\t<\/div>\n\t\t\t\t\t<\/div>\n\t\t<\/section>\n\t\t\t\t<section class=\"elementor-section elementor-top-section elementor-element elementor-element-4b23079 elementor-section-full_width elementor-section-height-default elementor-section-height-default\" data-id=\"4b23079\" data-element_type=\"section\" data-settings=\"{&quot;_ha_eqh_enable&quot;:false}\">\n\t\t\t\t\t\t<div class=\"elementor-container elementor-column-gap-default\">\n\t\t\t\t\t<div class=\"elementor-column elementor-col-100 elementor-top-column elementor-element elementor-element-620e63b\" data-id=\"620e63b\" data-element_type=\"column\">\n\t\t\t<div class=\"elementor-widget-wrap elementor-element-populated\">\n\t\t\t\t\t\t<div class=\"elementor-element elementor-element-e7d59ea elementor-widget elementor-widget-spacer\" data-id=\"e7d59ea\" data-element_type=\"widget\" data-widget_type=\"spacer.default\">\n\t\t\t\t<div class=\"elementor-widget-container\">\n\t\t\t\t\t\t\t<div class=\"elementor-spacer\">\n\t\t\t<div class=\"elementor-spacer-inner\"><\/div>\n\t\t<\/div>\n\t\t\t\t\t\t<\/div>\n\t\t\t\t<\/div>\n\t\t\t\t\t<\/div>\n\t\t<\/div>\n\t\t\t\t\t<\/div>\n\t\t<\/section>\n\t\t\t\t<\/div>\n\t\t","protected":false},"excerpt":{"rendered":"<p>Proyectos El\u00e9ctricos de MT y AT en Obra Civil. Montaje de Cuadros El\u00e9ctricos. Estudios de Eficiencia Energ\u00e9tica. Energ\u00edas Alternativas. Dom\u00f3tica. Sobre nosotros&#8230; Perteneciente a Grupo de<span class=\"excerpt-hellip\"> [\u2026]<\/span><\/p>\n","protected":false},"author":1,"featured_media":0,"parent":0,"menu_order":0,"comment_status":"closed","ping_status":"closed","template":"","meta":{"footnotes":""},"class_list":["post-13","page","type-page","status-publish","hentry"],"yoast_head":"<!-- This site is optimized with the Yoast SEO plugin v26.8 - https:\/\/yoast.com\/product\/yoast-seo-wordpress\/ -->\n<title>Inicio - Copper Servicios El\u00e9ctricos SL<\/title>\n<meta name=\"robots\" content=\"index, follow, max-snippet:-1, max-image-preview:large, max-video-preview:-1\" \/>\n<link rel=\"canonical\" href=\"https:\/\/copperelectricidad.es\/\" \/>\n<meta property=\"og:locale\" content=\"es_ES\" \/>\n<meta property=\"og:type\" content=\"article\" \/>\n<meta property=\"og:title\" content=\"Inicio - Copper Servicios El\u00e9ctricos SL\" \/>\n<meta property=\"og:description\" content=\"Proyectos El\u00e9ctricos de MT y AT en Obra Civil. Montaje de Cuadros El\u00e9ctricos. Estudios de Eficiencia Energ\u00e9tica. Energ\u00edas Alternativas. Dom\u00f3tica. Sobre nosotros&#8230; Perteneciente a Grupo de [\u2026]\" \/>\n<meta property=\"og:url\" content=\"https:\/\/copperelectricidad.es\/\" \/>\n<meta property=\"og:site_name\" content=\"Copper Servicios El\u00e9ctricos SL\" \/>\n<meta property=\"article:modified_time\" content=\"2023-05-12T09:11:36+00:00\" \/>\n<meta property=\"og:image\" content=\"https:\/\/copperelectricidad.es\/wp-content\/uploads\/2021\/03\/18-03-2021_12-01-02-960x686.jpg\" \/>\n<meta name=\"twitter:card\" content=\"summary_large_image\" \/>\n<meta name=\"twitter:label1\" content=\"Tiempo de lectura\" \/>\n\t<meta name=\"twitter:data1\" content=\"3 minutos\" \/>\n<script type=\"application\/ld+json\" class=\"yoast-schema-graph\">{\"@context\":\"https:\/\/schema.org\",\"@graph\":[{\"@type\":\"WebPage\",\"@id\":\"https:\/\/copperelectricidad.es\/\",\"url\":\"https:\/\/copperelectricidad.es\/\",\"name\":\"Inicio - Copper Servicios El\u00e9ctricos SL\",\"isPartOf\":{\"@id\":\"https:\/\/copperelectricidad.es\/#website\"},\"primaryImageOfPage\":{\"@id\":\"https:\/\/copperelectricidad.es\/#primaryimage\"},\"image\":{\"@id\":\"https:\/\/copperelectricidad.es\/#primaryimage\"},\"thumbnailUrl\":\"https:\/\/copperelectricidad.es\/wp-content\/uploads\/2021\/03\/18-03-2021_12-01-02-960x686.jpg\",\"datePublished\":\"2021-03-15T15:38:37+00:00\",\"dateModified\":\"2023-05-12T09:11:36+00:00\",\"breadcrumb\":{\"@id\":\"https:\/\/copperelectricidad.es\/#breadcrumb\"},\"inLanguage\":\"es\",\"potentialAction\":[{\"@type\":\"ReadAction\",\"target\":[\"https:\/\/copperelectricidad.es\/\"]}]},{\"@type\":\"ImageObject\",\"inLanguage\":\"es\",\"@id\":\"https:\/\/copperelectricidad.es\/#primaryimage\",\"url\":\"https:\/\/copperelectricidad.es\/wp-content\/uploads\/2021\/03\/18-03-2021_12-01-02.jpg\",\"contentUrl\":\"https:\/\/copperelectricidad.es\/wp-content\/uploads\/2021\/03\/18-03-2021_12-01-02.jpg\",\"width\":1324,\"height\":686},{\"@type\":\"BreadcrumbList\",\"@id\":\"https:\/\/copperelectricidad.es\/#breadcrumb\",\"itemListElement\":[{\"@type\":\"ListItem\",\"position\":1,\"name\":\"Portada\",\"item\":\"https:\/\/copperelectricidad.es\/\"},{\"@type\":\"ListItem\",\"position\":2,\"name\":\"Inicio\"}]},{\"@type\":\"WebSite\",\"@id\":\"https:\/\/copperelectricidad.es\/#website\",\"url\":\"https:\/\/copperelectricidad.es\/\",\"name\":\"Copper Servicios El\u00e9ctricos SL\",\"description\":\"Especializados en ingenier\u00eda industrial y servicios el\u00e9ctricos.\",\"potentialAction\":[{\"@type\":\"SearchAction\",\"target\":{\"@type\":\"EntryPoint\",\"urlTemplate\":\"https:\/\/copperelectricidad.es\/?s={search_term_string}\"},\"query-input\":{\"@type\":\"PropertyValueSpecification\",\"valueRequired\":true,\"valueName\":\"search_term_string\"}}],\"inLanguage\":\"es\"}]}<\/script>\n<!-- \/ Yoast SEO plugin. -->","yoast_head_json":{"title":"Inicio - Copper Servicios El\u00e9ctricos SL","robots":{"index":"index","follow":"follow","max-snippet":"max-snippet:-1","max-image-preview":"max-image-preview:large","max-video-preview":"max-video-preview:-1"},"canonical":"https:\/\/copperelectricidad.es\/","og_locale":"es_ES","og_type":"article","og_title":"Inicio - Copper Servicios El\u00e9ctricos SL","og_description":"Proyectos El\u00e9ctricos de MT y AT en Obra Civil. Montaje de Cuadros El\u00e9ctricos. Estudios de Eficiencia Energ\u00e9tica. Energ\u00edas Alternativas. Dom\u00f3tica. Sobre nosotros&#8230; Perteneciente a Grupo de [\u2026]","og_url":"https:\/\/copperelectricidad.es\/","og_site_name":"Copper Servicios El\u00e9ctricos SL","article_modified_time":"2023-05-12T09:11:36+00:00","og_image":[{"url":"https:\/\/copperelectricidad.es\/wp-content\/uploads\/2021\/03\/18-03-2021_12-01-02-960x686.jpg","type":"","width":"","height":""}],"twitter_card":"summary_large_image","twitter_misc":{"Tiempo de lectura":"3 minutos"},"schema":{"@context":"https:\/\/schema.org","@graph":[{"@type":"WebPage","@id":"https:\/\/copperelectricidad.es\/","url":"https:\/\/copperelectricidad.es\/","name":"Inicio - Copper Servicios El\u00e9ctricos SL","isPartOf":{"@id":"https:\/\/copperelectricidad.es\/#website"},"primaryImageOfPage":{"@id":"https:\/\/copperelectricidad.es\/#primaryimage"},"image":{"@id":"https:\/\/copperelectricidad.es\/#primaryimage"},"thumbnailUrl":"https:\/\/copperelectricidad.es\/wp-content\/uploads\/2021\/03\/18-03-2021_12-01-02-960x686.jpg","datePublished":"2021-03-15T15:38:37+00:00","dateModified":"2023-05-12T09:11:36+00:00","breadcrumb":{"@id":"https:\/\/copperelectricidad.es\/#breadcrumb"},"inLanguage":"es","potentialAction":[{"@type":"ReadAction","target":["https:\/\/copperelectricidad.es\/"]}]},{"@type":"ImageObject","inLanguage":"es","@id":"https:\/\/copperelectricidad.es\/#primaryimage","url":"https:\/\/copperelectricidad.es\/wp-content\/uploads\/2021\/03\/18-03-2021_12-01-02.jpg","contentUrl":"https:\/\/copperelectricidad.es\/wp-content\/uploads\/2021\/03\/18-03-2021_12-01-02.jpg","width":1324,"height":686},{"@type":"BreadcrumbList","@id":"https:\/\/copperelectricidad.es\/#breadcrumb","itemListElement":[{"@type":"ListItem","position":1,"name":"Portada","item":"https:\/\/copperelectricidad.es\/"},{"@type":"ListItem","position":2,"name":"Inicio"}]},{"@type":"WebSite","@id":"https:\/\/copperelectricidad.es\/#website","url":"https:\/\/copperelectricidad.es\/","name":"Copper Servicios El\u00e9ctricos SL","description":"Especializados en ingenier\u00eda industrial y servicios el\u00e9ctricos.","potentialAction":[{"@type":"SearchAction","target":{"@type":"EntryPoint","urlTemplate":"https:\/\/copperelectricidad.es\/?s={search_term_string}"},"query-input":{"@type":"PropertyValueSpecification","valueRequired":true,"valueName":"search_term_string"}}],"inLanguage":"es"}]}},"_links":{"self":[{"href":"https:\/\/copperelectricidad.es\/index.php\/wp-json\/wp\/v2\/pages\/13","targetHints":{"allow":["GET"]}}],"collection":[{"href":"https:\/\/copperelectricidad.es\/index.php\/wp-json\/wp\/v2\/pages"}],"about":[{"href":"https:\/\/copperelectricidad.es\/index.php\/wp-json\/wp\/v2\/types\/page"}],"author":[{"embeddable":true,"href":"https:\/\/copperelectricidad.es\/index.php\/wp-json\/wp\/v2\/users\/1"}],"replies":[{"embeddable":true,"href":"https:\/\/copperelectricidad.es\/index.php\/wp-json\/wp\/v2\/comments?post=13"}],"version-history":[{"count":182,"href":"https:\/\/copperelectricidad.es\/index.php\/wp-json\/wp\/v2\/pages\/13\/revisions"}],"predecessor-version":[{"id":422,"href":"https:\/\/copperelectricidad.es\/index.php\/wp-json\/wp\/v2\/pages\/13\/revisions\/422"}],"wp:attachment":[{"href":"https:\/\/copperelectricidad.es\/index.php\/wp-json\/wp\/v2\/media?parent=13"}],"curies":[{"name":"wp","href":"https:\/\/api.w.org\/{rel}","templated":true}]}}