{"id":160,"date":"2021-03-16T15:58:03","date_gmt":"2021-03-16T15:58:03","guid":{"rendered":"https:\/\/copperelectricidad.es\/?page_id=160"},"modified":"2021-03-17T12:05:39","modified_gmt":"2021-03-17T12:05:39","slug":"contacta","status":"publish","type":"page","link":"https:\/\/copperelectricidad.es\/index.php\/contacta\/","title":{"rendered":"Contacta"},"content":{"rendered":"\t\t<div data-elementor-type=\"wp-page\" data-elementor-id=\"160\" class=\"elementor elementor-160\" data-elementor-settings=\"{&quot;ha_cmc_init_switcher&quot;:&quot;no&quot;}\" data-elementor-post-type=\"page\">\n\t\t\t\t\t\t<section class=\"elementor-section elementor-top-section elementor-element elementor-element-90df798 elementor-section-full_width elementor-section-stretched elementor-section-content-top elementor-section-height-default elementor-section-height-default\" data-id=\"90df798\" data-element_type=\"section\" data-settings=\"{&quot;stretch_section&quot;:&quot;section-stretched&quot;,&quot;_ha_eqh_enable&quot;:false}\">\n\t\t\t\t\t\t<div class=\"elementor-container elementor-column-gap-default\">\n\t\t\t\t\t<div class=\"elementor-column elementor-col-100 elementor-top-column elementor-element elementor-element-28dd26f\" data-id=\"28dd26f\" data-element_type=\"column\">\n\t\t\t<div class=\"elementor-widget-wrap elementor-element-populated\">\n\t\t\t\t\t\t<div class=\"elementor-element elementor-element-2ba7ff2 elementor-widget elementor-widget-image\" data-id=\"2ba7ff2\" data-element_type=\"widget\" data-widget_type=\"image.default\">\n\t\t\t\t<div class=\"elementor-widget-container\">\n\t\t\t\t\t\t\t\t\t\t\t\t\t\t\t<img decoding=\"async\" src=\"https:\/\/copperelectricidad.es\/wp-content\/uploads\/elementor\/thumbs\/3998248-scaled-p08lghsxih1ik38rk96cajxin2t6vxcmrtb4pcodrs-p4b5x4dub1v9tkgcmtmp9642b8hm1p43u0zm6q0ud4.jpg\" title=\"3998248-scaled-p08lghsxih1ik38rk96cajxin2t6vxcmrtb4pcodrs\" alt=\"3998248-scaled-p08lghsxih1ik38rk96cajxin2t6vxcmrtb4pcodrs\" loading=\"lazy\" \/>\t\t\t\t\t\t\t\t\t\t\t\t\t\t\t<\/div>\n\t\t\t\t<\/div>\n\t\t\t\t\t<\/div>\n\t\t<\/div>\n\t\t\t\t\t<\/div>\n\t\t<\/section>\n\t\t\t\t<section class=\"elementor-section elementor-top-section elementor-element elementor-element-01c47bc elementor-section-full_width elementor-section-height-min-height elementor-section-stretched elementor-section-height-default elementor-section-items-middle\" data-id=\"01c47bc\" data-element_type=\"section\" data-settings=\"{&quot;stretch_section&quot;:&quot;section-stretched&quot;,&quot;_ha_eqh_enable&quot;:false}\">\n\t\t\t\t\t\t<div class=\"elementor-container elementor-column-gap-default\">\n\t\t\t\t\t<div class=\"elementor-column elementor-col-100 elementor-top-column elementor-element elementor-element-0184aec\" data-id=\"0184aec\" data-element_type=\"column\">\n\t\t\t<div class=\"elementor-widget-wrap elementor-element-populated\">\n\t\t\t\t\t\t<div class=\"elementor-element elementor-element-acb78fe elementor-widget elementor-widget-heading\" data-id=\"acb78fe\" data-element_type=\"widget\" data-widget_type=\"heading.default\">\n\t\t\t\t<div class=\"elementor-widget-container\">\n\t\t\t\t\t<h2 class=\"elementor-heading-title elementor-size-default\">Donde encontrarnos<\/h2>\t\t\t\t<\/div>\n\t\t\t\t<\/div>\n\t\t\t\t<div class=\"elementor-element elementor-element-8051d30 elementor-widget elementor-widget-google_maps\" data-id=\"8051d30\" data-element_type=\"widget\" data-widget_type=\"google_maps.default\">\n\t\t\t\t<div class=\"elementor-widget-container\">\n\t\t\t\t\t\t\t<div class=\"elementor-custom-embed\">\n\t\t\t<iframe loading=\"lazy\"\n\t\t\t\t\tsrc=\"https:\/\/maps.google.com\/maps?q=Calle%20pasamaners%2018%20&#038;t=m&#038;z=9&#038;output=embed&#038;iwloc=near\"\n\t\t\t\t\ttitle=\"Calle pasamaners 18 \"\n\t\t\t\t\taria-label=\"Calle pasamaners 18 \"\n\t\t\t><\/iframe>\n\t\t<\/div>\n\t\t\t\t\t\t<\/div>\n\t\t\t\t<\/div>\n\t\t\t\t\t<\/div>\n\t\t<\/div>\n\t\t\t\t\t<\/div>\n\t\t<\/section>\n\t\t\t\t<section class=\"elementor-section elementor-top-section elementor-element elementor-element-98de813 elementor-section-full_width elementor-section-stretched elementor-section-height-default elementor-section-height-default\" data-id=\"98de813\" data-element_type=\"section\" data-settings=\"{&quot;stretch_section&quot;:&quot;section-stretched&quot;,&quot;_ha_eqh_enable&quot;:false}\">\n\t\t\t\t\t\t<div class=\"elementor-container elementor-column-gap-default\">\n\t\t\t\t\t<div class=\"elementor-column elementor-col-100 elementor-top-column elementor-element elementor-element-6bcf3b9\" data-id=\"6bcf3b9\" data-element_type=\"column\">\n\t\t\t<div class=\"elementor-widget-wrap elementor-element-populated\">\n\t\t\t\t\t\t<div class=\"elementor-element elementor-element-c51d966 elementor-widget elementor-widget-wp-widget-quform-widget\" data-id=\"c51d966\" data-element_type=\"widget\" data-widget_type=\"wp-widget-quform-widget.default\">\n\t\t\t\t<div class=\"elementor-widget-container\">\n\t\t\t\t\t<div id=\"quform-266d75\" class=\"quform quform-1 quform-theme-light quform-support-page-caching\"><form id=\"quform-form-266d75\" class=\"quform-form quform-form-1\" action=\"\/index.php\/wp-json\/wp\/v2\/pages\/160#quform-266d75\" method=\"post\" enctype=\"multipart\/form-data\" novalidate=\"novalidate\" data-options=\"{&quot;id&quot;:1,&quot;uniqueId&quot;:&quot;266d75&quot;,&quot;theme&quot;:&quot;light&quot;,&quot;ajax&quot;:true,&quot;logic&quot;:{&quot;logic&quot;:[],&quot;dependents&quot;:[],&quot;elementIds&quot;:[],&quot;dependentElementIds&quot;:[],&quot;animate&quot;:true},&quot;currentPageId&quot;:1,&quot;errorsIcon&quot;:&quot;&quot;,&quot;updateFancybox&quot;:true,&quot;hasPages&quot;:false,&quot;pages&quot;:[1],&quot;pageProgressType&quot;:&quot;numbers&quot;,&quot;tooltipsEnabled&quot;:true,&quot;tooltipClasses&quot;:&quot;qtip-quform-dark qtip-shadow&quot;,&quot;tooltipMy&quot;:&quot;left center&quot;,&quot;tooltipAt&quot;:&quot;right center&quot;,&quot;isRtl&quot;:false,&quot;scrollOffset&quot;:-50,&quot;scrollSpeed&quot;:800}\"><button class=\"quform-default-submit\" name=\"quform_submit\" type=\"submit\" value=\"submit\" aria-hidden=\"true\" tabindex=\"-1\"><\/button><div class=\"quform-form-inner quform-form-inner-1\"><input type=\"hidden\" name=\"quform_form_id\" value=\"1\" \/><input type=\"hidden\" name=\"quform_form_uid\" value=\"266d75\" \/><input type=\"hidden\" name=\"quform_count\" value=\"1\" \/><input type=\"hidden\" name=\"form_url\" value=\"https:\/\/copperelectricidad.es\/index.php\/wp-json\/wp\/v2\/pages\/160\" \/><input type=\"hidden\" name=\"referring_url\" value=\"\" \/><input type=\"hidden\" name=\"post_id\" value=\"\" \/><input type=\"hidden\" name=\"post_title\" value=\"\" \/><input type=\"hidden\" name=\"quform_current_page_id\" value=\"1\" \/><input type=\"hidden\" name=\"quform_csrf_token\" value=\"UeK62qokly5uKfmtu9trY9YdkzabI8Ehc3T1OjCv\" \/><div class=\"quform-form-title-description\"><h2 class=\"quform-form-title\">Contacta con nosotros<\/h2><\/div><div class=\"quform-elements quform-elements-1 quform-cf quform-responsive-elements-phone-portrait\"><div class=\"quform-element quform-element-page quform-page-1 quform-page-1_1 quform-cf quform-group-style-plain quform-first-page quform-last-page quform-current-page\"><div class=\"quform-child-elements\"><div class=\"quform-element quform-element-name quform-element-1_4 quform-cf quform-element-required\"><div class=\"quform-spacer\"><div class=\"quform-label quform-label-1_4\"><span class=\"quform-label-icon\"><i class=\"fa fa-user\"><\/i><\/span><label class=\"quform-label-text\" id=\"quform_1_4_266d75_label\">Nombre<span class=\"quform-required\">*<\/span><\/label><\/div><div class=\"quform-inner quform-inner-name quform-inner-1_4 quform-field-size-fat\"><div class=\"quform-input quform-input-name quform-input-1_4 quform-cf\"><div class=\"quform-element-row quform-2-columns quform-element-row-size-fixed quform-responsive-columns-phone-portrait\"><div class=\"quform-element-column\"><div class=\"quform-element quform-element-text quform-element-1_4_2 quform-cf quform-element-required\"><div class=\"quform-spacer\"><div class=\"quform-inner quform-inner-text quform-inner-1_4_2 quform-field-size-fat\"><div class=\"quform-input quform-input-text quform-input-1_4_2 quform-cf\"><input type=\"text\" id=\"quform_1_4_2_266d75\" name=\"quform_1_4[2]\" class=\"quform-field quform-field-text quform-field-1_4_2\" aria-labelledby=\"quform_1_4_266d75_label quform_1_4_2_266d75_sub_label_below\" \/><\/div><label id=\"quform_1_4_2_266d75_sub_label_below\" class=\"quform-sub-label quform-sub-label-below\">Nombre<\/label><\/div><\/div><\/div><\/div><div class=\"quform-element-column\"><div class=\"quform-element quform-element-text quform-element-1_4_4 quform-cf quform-element-required\"><div class=\"quform-spacer\"><div class=\"quform-inner quform-inner-text quform-inner-1_4_4 quform-field-size-fat\"><div class=\"quform-input quform-input-text quform-input-1_4_4 quform-cf\"><input type=\"text\" id=\"quform_1_4_4_266d75\" name=\"quform_1_4[4]\" class=\"quform-field quform-field-text quform-field-1_4_4\" aria-labelledby=\"quform_1_4_266d75_label quform_1_4_4_266d75_sub_label_below\" \/><\/div><label id=\"quform_1_4_4_266d75_sub_label_below\" class=\"quform-sub-label quform-sub-label-below\">Apellidos<\/label><\/div><\/div><\/div><\/div><\/div><\/div><\/div><\/div><\/div><div class=\"quform-element quform-element-row quform-element-row-1_15 quform-2-columns quform-element-row-size-fixed quform-responsive-columns-phone-portrait\"><div class=\"quform-element quform-element-column quform-element-1_16\"><div class=\"quform-element quform-element-email quform-element-1_5 quform-cf quform-element-required\"><div class=\"quform-spacer\"><div class=\"quform-label quform-label-1_5\"><span class=\"quform-label-icon\"><i class=\"fa fa-envelope\"><\/i><\/span><label class=\"quform-label-text\" for=\"quform_1_5_266d75\">Direcci\u00f3n de email<span class=\"quform-required\">*<\/span><\/label><\/div><div class=\"quform-inner quform-inner-email quform-inner-1_5 quform-field-size-fat\"><div class=\"quform-input quform-input-email quform-input-1_5 quform-cf\"><input type=\"email\" id=\"quform_1_5_266d75\" name=\"quform_1_5\" class=\"quform-field quform-field-email quform-field-1_5\" \/><\/div><\/div><\/div><\/div><\/div><div class=\"quform-element quform-element-column quform-element-1_17\"><div class=\"quform-element quform-element-text quform-element-1_7 quform-cf quform-element-optional\"><div class=\"quform-spacer\"><div class=\"quform-label quform-label-1_7\"><span class=\"quform-label-icon\"><i class=\"fa fa-phone\"><\/i><\/span><label class=\"quform-label-text\" for=\"quform_1_7_266d75\">Tel\u00e9fono<\/label><\/div><div class=\"quform-inner quform-inner-text quform-inner-1_7 quform-field-size-fat\"><div class=\"quform-input quform-input-text quform-input-1_7 quform-cf\"><input type=\"text\" id=\"quform_1_7_266d75\" name=\"quform_1_7\" class=\"quform-field quform-field-text quform-field-1_7\" \/><\/div><\/div><\/div><\/div><\/div><\/div><div class=\"quform-element quform-element-textarea quform-element-1_6 quform-cf quform-element-optional\"><div class=\"quform-spacer\"><div class=\"quform-label quform-label-1_6\"><span class=\"quform-label-icon\"><i class=\"fa fa-comment\"><\/i><\/span><label class=\"quform-label-text\" for=\"quform_1_6_266d75\">Describa la consulta<\/label><\/div><div class=\"quform-inner quform-inner-textarea quform-inner-1_6 quform-field-size-fat\"><div class=\"quform-input quform-input-textarea quform-input-1_6 quform-cf\"><textarea id=\"quform_1_6_266d75\" name=\"quform_1_6\" class=\"quform-field quform-field-textarea quform-field-1_6\"><\/textarea><\/div><\/div><\/div><\/div><div class=\"quform-element quform-element-captcha quform-element-1_23 quform-cf quform-element-required\"><div class=\"quform-spacer\"><div class=\"quform-label quform-label-1_23\"><label class=\"quform-label-text\" for=\"quform_1_23_266d75\">Por favor, escriba los caracteres.<span class=\"quform-required\">*<\/span><\/label><\/div><div class=\"quform-inner quform-inner-captcha quform-inner-1_23 quform-field-size-fat\"><div class=\"quform-input quform-input-captcha quform-input-1_23 quform-cf\"><input type=\"text\" id=\"quform_1_23_266d75\" name=\"quform_1_23\" class=\"quform-field quform-field-captcha quform-field-1_23\" \/><\/div><div class=\"quform-captcha quform-cf\"><div class=\"quform-captcha-image quform-captcha-image-1_23\"><img decoding=\"async\" class=\"quform-captcha-image-img\" src=\"data:image\/png;base64,iVBORw0KGgoAAAANSUhEUgAAAOYAAABQBAMAAAD\/1xTgAAAAG1BMVEX\/\/\/8iIiKQkJCsrKzHx8fj4+N0dHRZWVk9PT3BWRGyAAAACXBIWXMAAA7EAAAOxAGVKw4bAAADvElEQVRoge1XS1PUQBDOJpnNHmlUkiNxgeK4ESk4ZhE97wIFHgml6NGgokdCIeRn2\/PMa0JSmKI8zHfZzWynv55+r2UZGBgYGBgYtOF4+tyM7jZA3Cllv367GIzyIAOAbnUJSv0chtH9irrA7xaklr0YhPIDVQXwslsyHIiTXxLxrYfsVsO0w6dwppRvbQdg1kca4FXl2YM\/\/WjcnffFd2QMPlkTCHq9CbBSOYhafD2+iCvPe+XsI3jJuP3dGhyAm8pBCKtaQczwq+Jii30WPWVGCusWzcibxnsa2PWwR7CmkyOM436XPRylPvoyLZkbwjmzf70P5xjgnLwrNYZIX2K2yMuHTcvaZgmzIFnhyiWln\/TpCJxzigYHKt\/mek7UxwsQZpz+nJqnwuDRTIxQJvjezekJ+4NYWazNPTwmb1hFrPBXFpZTuqdN6blRd52cE8EpXydzgMtfeaMfhizMB7+xtBzwU2rYqFRmBL3jCE1x\/d06RuySSlSGreHfVLSOBHlOMAABM7dQn6wy8x+yeh1osETBz9axFF22cBJZxhH7RDFM03yzEHBiNN+fWW7WUmsloCupzJh\/8GtrZo3DkobJU05Pl6H2fWy15mAZkajPjKeOm+ONp4cNhZ70Y8T8Ybc3Vo+64HGEQlkklU60SYD3Jye0Dc2Zia68dhN2d5EmwhUj2UM87RUiHuUNy7lmGjVd7njWlzMVIfek5XrORMT5h3quD2cbgoV4v4tTjs+x5Bxrm6asYvlb1MjOSCiYd84zIuu6m9O\/pLuAGADLRnZmIhnTznmmxqfitLXpkQLto0dQinrVg0R0lbPunqDGpye1cc7TPK7InfLy\/yjdQouFlFkJ757Ygzt7ny05R1LWYT5KqtYSMeyIdC765zqrOBHJrna2+qx0Y8k5l85y2UlS3VgSmTKhzJCs3iCj+oBqxUTGU9ap4Awrm5mt9vMl\/6LZn71qYj+CkagVUgwzZkWVk06MmZSPLb4W09lQBjsLNq1OLIW1E5VuOs65moqCkw7v+7iqiuzl+VXtTIs53zJIWnQfdvOkzumrb9S3GIndHtr1oJEPNg7DUnCArxnlHFqqAhA5ZG88mVEGhuJGHuGV49oGqnqwqpV\/QQR3fHPyVYGjGUFWzT8XiknQ449XB+w8PmP5VswSvpVVGzXacYtGuVmvP149cPwlvy6NL5I2N0ZaoP6U7ZrxIJx1OKj6tna2X1tJh0dzHyJJ3842IAj7kwI92syQONm6vIifl9LAwMDAwMDAwMDg\/8RfIVqahFPnEbcAAAAASUVORK5CYII=\" alt=\"CAPTCHA image\" data-element-id=\"23\" width=\"115\" height=\"40\" \/><\/div><\/div><p class=\"quform-description quform-description-below\">Ay\u00fadenos a prevenir el spam, gracias.<\/p><\/div><\/div><\/div><div class=\"quform-element quform-element-submit quform-element-1_19 quform-cf quform-button-style-theme\"><div class=\"quform-button-submit quform-button-submit-default quform-button-submit-1_19 quform-button-icon-right\"><button name=\"quform_submit\" type=\"submit\" class=\"quform-submit\" value=\"submit\"><span class=\"quform-button-text quform-button-submit-text\">Enviar<\/span><span class=\"quform-button-icon quform-button-submit-icon\"><i class=\"qicon-send\"><\/i><\/span><\/button><\/div><div class=\"quform-loading quform-loading-position-left quform-loading-type-spinner-1\"><div class=\"quform-loading-inner\"><div class=\"quform-loading-spinner\"><div class=\"quform-loading-spinner-inner\"><\/div><\/div><\/div><\/div><\/div><div class=\"quform-element-tree\"><label for=\"quform_1_0_266d75\">This field should be left blank<\/label><input type=\"text\" id=\"quform_1_0_266d75\" name=\"quform_1_0\" class=\"quform-field quform-field-tree quform-field-1_0\" tabindex=\"-1\" autocomplete=\"off\" \/><\/div><\/div><\/div><\/div><\/div><\/form><\/div>\t\t\t\t<\/div>\n\t\t\t\t<\/div>\n\t\t\t\t\t<\/div>\n\t\t<\/div>\n\t\t\t\t<div class=\"elementor-column elementor-col-100 elementor-top-column elementor-element elementor-element-a0432e1\" data-id=\"a0432e1\" data-element_type=\"column\">\n\t\t\t<div class=\"elementor-widget-wrap elementor-element-populated\">\n\t\t\t\t\t\t<div class=\"elementor-element elementor-element-2962e1f elementor-widget elementor-widget-heading\" data-id=\"2962e1f\" data-element_type=\"widget\" data-widget_type=\"heading.default\">\n\t\t\t\t<div class=\"elementor-widget-container\">\n\t\t\t\t\t<h2 class=\"elementor-heading-title elementor-size-default\">Horario de apertura<\/h2>\t\t\t\t<\/div>\n\t\t\t\t<\/div>\n\t\t\t\t\t<\/div>\n\t\t<\/div>\n\t\t\t\t\t<\/div>\n\t\t<\/section>\n\t\t\t\t<section class=\"elementor-section elementor-top-section elementor-element elementor-element-c303e81 elementor-section-boxed elementor-section-height-default elementor-section-height-default\" data-id=\"c303e81\" data-element_type=\"section\" data-settings=\"{&quot;_ha_eqh_enable&quot;:false}\">\n\t\t\t\t\t\t<div class=\"elementor-container elementor-column-gap-default\">\n\t\t\t\t\t\t<\/div>\n\t\t<\/section>\n\t\t\t\t<\/div>\n\t\t","protected":false},"excerpt":{"rendered":"<p>Donde encontrarnos Horario de apertura Lunes a Jueves 07:00 &#8211; 15:30 Viernes 07:00 &#8211; 14:30 S\u00e1bados y Domingos Cerrados<\/p>\n","protected":false},"author":1,"featured_media":0,"parent":0,"menu_order":0,"comment_status":"closed","ping_status":"closed","template":"","meta":{"footnotes":""},"class_list":["post-160","page","type-page","status-publish","hentry"],"yoast_head":"<!-- This site is optimized with the Yoast SEO plugin v26.8 - https:\/\/yoast.com\/product\/yoast-seo-wordpress\/ -->\n<title>Contacta - Copper Servicios El\u00e9ctricos SL<\/title>\n<meta name=\"robots\" content=\"index, follow, max-snippet:-1, max-image-preview:large, max-video-preview:-1\" \/>\n<link rel=\"canonical\" href=\"https:\/\/copperelectricidad.es\/index.php\/contacta\/\" \/>\n<meta property=\"og:locale\" content=\"es_ES\" \/>\n<meta property=\"og:type\" content=\"article\" \/>\n<meta property=\"og:title\" content=\"Contacta - Copper Servicios El\u00e9ctricos SL\" \/>\n<meta property=\"og:description\" content=\"Donde encontrarnos Horario de apertura Lunes a Jueves 07:00 &#8211; 15:30 Viernes 07:00 &#8211; 14:30 S\u00e1bados y Domingos Cerrados\" \/>\n<meta property=\"og:url\" content=\"https:\/\/copperelectricidad.es\/index.php\/contacta\/\" \/>\n<meta property=\"og:site_name\" content=\"Copper Servicios El\u00e9ctricos SL\" \/>\n<meta property=\"article:modified_time\" content=\"2021-03-17T12:05:39+00:00\" \/>\n<meta property=\"og:image\" content=\"https:\/\/copperelectricidad.es\/wp-content\/uploads\/elementor\/thumbs\/3998248-scaled-p08lghsxih1ik38rk96cajxin2t6vxcmrtb4pcodrs-p4b5x4dub1v9tkgcmtmp9642b8hm1p43u0zlaywikg.jpg\" \/>\n<meta name=\"twitter:card\" content=\"summary_large_image\" \/>\n<meta name=\"twitter:label1\" content=\"Tiempo de lectura\" \/>\n\t<meta name=\"twitter:data1\" content=\"1 minuto\" \/>\n<script type=\"application\/ld+json\" class=\"yoast-schema-graph\">{\"@context\":\"https:\/\/schema.org\",\"@graph\":[{\"@type\":\"WebPage\",\"@id\":\"https:\/\/copperelectricidad.es\/index.php\/contacta\/\",\"url\":\"https:\/\/copperelectricidad.es\/index.php\/contacta\/\",\"name\":\"Contacta - Copper Servicios El\u00e9ctricos SL\",\"isPartOf\":{\"@id\":\"https:\/\/copperelectricidad.es\/#website\"},\"primaryImageOfPage\":{\"@id\":\"https:\/\/copperelectricidad.es\/index.php\/contacta\/#primaryimage\"},\"image\":{\"@id\":\"https:\/\/copperelectricidad.es\/index.php\/contacta\/#primaryimage\"},\"thumbnailUrl\":\"https:\/\/copperelectricidad.es\/wp-content\/uploads\/elementor\/thumbs\/3998248-scaled-p08lghsxih1ik38rk96cajxin2t6vxcmrtb4pcodrs-p4b5x4dub1v9tkgcmtmp9642b8hm1p43u0zlaywikg.jpg\",\"datePublished\":\"2021-03-16T15:58:03+00:00\",\"dateModified\":\"2021-03-17T12:05:39+00:00\",\"breadcrumb\":{\"@id\":\"https:\/\/copperelectricidad.es\/index.php\/contacta\/#breadcrumb\"},\"inLanguage\":\"es\",\"potentialAction\":[{\"@type\":\"ReadAction\",\"target\":[\"https:\/\/copperelectricidad.es\/index.php\/contacta\/\"]}]},{\"@type\":\"ImageObject\",\"inLanguage\":\"es\",\"@id\":\"https:\/\/copperelectricidad.es\/index.php\/contacta\/#primaryimage\",\"url\":\"https:\/\/copperelectricidad.es\/wp-content\/uploads\/elementor\/thumbs\/3998248-scaled-p08lghsxih1ik38rk96cajxin2t6vxcmrtb4pcodrs-p4b5x4dub1v9tkgcmtmp9642b8hm1p43u0zlaywikg.jpg\",\"contentUrl\":\"https:\/\/copperelectricidad.es\/wp-content\/uploads\/elementor\/thumbs\/3998248-scaled-p08lghsxih1ik38rk96cajxin2t6vxcmrtb4pcodrs-p4b5x4dub1v9tkgcmtmp9642b8hm1p43u0zlaywikg.jpg\"},{\"@type\":\"BreadcrumbList\",\"@id\":\"https:\/\/copperelectricidad.es\/index.php\/contacta\/#breadcrumb\",\"itemListElement\":[{\"@type\":\"ListItem\",\"position\":1,\"name\":\"Portada\",\"item\":\"https:\/\/copperelectricidad.es\/\"},{\"@type\":\"ListItem\",\"position\":2,\"name\":\"Contacta\"}]},{\"@type\":\"WebSite\",\"@id\":\"https:\/\/copperelectricidad.es\/#website\",\"url\":\"https:\/\/copperelectricidad.es\/\",\"name\":\"Copper Servicios El\u00e9ctricos SL\",\"description\":\"Especializados en ingenier\u00eda industrial y servicios el\u00e9ctricos.\",\"potentialAction\":[{\"@type\":\"SearchAction\",\"target\":{\"@type\":\"EntryPoint\",\"urlTemplate\":\"https:\/\/copperelectricidad.es\/?s={search_term_string}\"},\"query-input\":{\"@type\":\"PropertyValueSpecification\",\"valueRequired\":true,\"valueName\":\"search_term_string\"}}],\"inLanguage\":\"es\"}]}<\/script>\n<!-- \/ Yoast SEO plugin. -->","yoast_head_json":{"title":"Contacta - Copper Servicios El\u00e9ctricos SL","robots":{"index":"index","follow":"follow","max-snippet":"max-snippet:-1","max-image-preview":"max-image-preview:large","max-video-preview":"max-video-preview:-1"},"canonical":"https:\/\/copperelectricidad.es\/index.php\/contacta\/","og_locale":"es_ES","og_type":"article","og_title":"Contacta - Copper Servicios El\u00e9ctricos SL","og_description":"Donde encontrarnos Horario de apertura Lunes a Jueves 07:00 &#8211; 15:30 Viernes 07:00 &#8211; 14:30 S\u00e1bados y Domingos Cerrados","og_url":"https:\/\/copperelectricidad.es\/index.php\/contacta\/","og_site_name":"Copper Servicios El\u00e9ctricos SL","article_modified_time":"2021-03-17T12:05:39+00:00","og_image":[{"url":"https:\/\/copperelectricidad.es\/wp-content\/uploads\/elementor\/thumbs\/3998248-scaled-p08lghsxih1ik38rk96cajxin2t6vxcmrtb4pcodrs-p4b5x4dub1v9tkgcmtmp9642b8hm1p43u0zlaywikg.jpg","type":"","width":"","height":""}],"twitter_card":"summary_large_image","twitter_misc":{"Tiempo de lectura":"1 minuto"},"schema":{"@context":"https:\/\/schema.org","@graph":[{"@type":"WebPage","@id":"https:\/\/copperelectricidad.es\/index.php\/contacta\/","url":"https:\/\/copperelectricidad.es\/index.php\/contacta\/","name":"Contacta - Copper Servicios El\u00e9ctricos SL","isPartOf":{"@id":"https:\/\/copperelectricidad.es\/#website"},"primaryImageOfPage":{"@id":"https:\/\/copperelectricidad.es\/index.php\/contacta\/#primaryimage"},"image":{"@id":"https:\/\/copperelectricidad.es\/index.php\/contacta\/#primaryimage"},"thumbnailUrl":"https:\/\/copperelectricidad.es\/wp-content\/uploads\/elementor\/thumbs\/3998248-scaled-p08lghsxih1ik38rk96cajxin2t6vxcmrtb4pcodrs-p4b5x4dub1v9tkgcmtmp9642b8hm1p43u0zlaywikg.jpg","datePublished":"2021-03-16T15:58:03+00:00","dateModified":"2021-03-17T12:05:39+00:00","breadcrumb":{"@id":"https:\/\/copperelectricidad.es\/index.php\/contacta\/#breadcrumb"},"inLanguage":"es","potentialAction":[{"@type":"ReadAction","target":["https:\/\/copperelectricidad.es\/index.php\/contacta\/"]}]},{"@type":"ImageObject","inLanguage":"es","@id":"https:\/\/copperelectricidad.es\/index.php\/contacta\/#primaryimage","url":"https:\/\/copperelectricidad.es\/wp-content\/uploads\/elementor\/thumbs\/3998248-scaled-p08lghsxih1ik38rk96cajxin2t6vxcmrtb4pcodrs-p4b5x4dub1v9tkgcmtmp9642b8hm1p43u0zlaywikg.jpg","contentUrl":"https:\/\/copperelectricidad.es\/wp-content\/uploads\/elementor\/thumbs\/3998248-scaled-p08lghsxih1ik38rk96cajxin2t6vxcmrtb4pcodrs-p4b5x4dub1v9tkgcmtmp9642b8hm1p43u0zlaywikg.jpg"},{"@type":"BreadcrumbList","@id":"https:\/\/copperelectricidad.es\/index.php\/contacta\/#breadcrumb","itemListElement":[{"@type":"ListItem","position":1,"name":"Portada","item":"https:\/\/copperelectricidad.es\/"},{"@type":"ListItem","position":2,"name":"Contacta"}]},{"@type":"WebSite","@id":"https:\/\/copperelectricidad.es\/#website","url":"https:\/\/copperelectricidad.es\/","name":"Copper Servicios El\u00e9ctricos SL","description":"Especializados en ingenier\u00eda industrial y servicios el\u00e9ctricos.","potentialAction":[{"@type":"SearchAction","target":{"@type":"EntryPoint","urlTemplate":"https:\/\/copperelectricidad.es\/?s={search_term_string}"},"query-input":{"@type":"PropertyValueSpecification","valueRequired":true,"valueName":"search_term_string"}}],"inLanguage":"es"}]}},"_links":{"self":[{"href":"https:\/\/copperelectricidad.es\/index.php\/wp-json\/wp\/v2\/pages\/160","targetHints":{"allow":["GET"]}}],"collection":[{"href":"https:\/\/copperelectricidad.es\/index.php\/wp-json\/wp\/v2\/pages"}],"about":[{"href":"https:\/\/copperelectricidad.es\/index.php\/wp-json\/wp\/v2\/types\/page"}],"author":[{"embeddable":true,"href":"https:\/\/copperelectricidad.es\/index.php\/wp-json\/wp\/v2\/users\/1"}],"replies":[{"embeddable":true,"href":"https:\/\/copperelectricidad.es\/index.php\/wp-json\/wp\/v2\/comments?post=160"}],"version-history":[{"count":31,"href":"https:\/\/copperelectricidad.es\/index.php\/wp-json\/wp\/v2\/pages\/160\/revisions"}],"predecessor-version":[{"id":303,"href":"https:\/\/copperelectricidad.es\/index.php\/wp-json\/wp\/v2\/pages\/160\/revisions\/303"}],"wp:attachment":[{"href":"https:\/\/copperelectricidad.es\/index.php\/wp-json\/wp\/v2\/media?parent=160"}],"curies":[{"name":"wp","href":"https:\/\/api.w.org\/{rel}","templated":true}]}}