{"id":196,"date":"2021-03-17T09:56:40","date_gmt":"2021-03-17T09:56:40","guid":{"rendered":"https:\/\/copperelectricidad.es\/?page_id=196"},"modified":"2021-03-17T09:56:41","modified_gmt":"2021-03-17T09:56:41","slug":"instalaciones-de-baja-tension-y-telecomunicaciones","status":"publish","type":"page","link":"https:\/\/copperelectricidad.es\/index.php\/instalaciones-de-baja-tension-y-telecomunicaciones\/","title":{"rendered":"Instalaciones de baja tensi\u00f3n y telecomunicaciones"},"content":{"rendered":"","protected":false},"excerpt":{"rendered":"","protected":false},"author":1,"featured_media":0,"parent":0,"menu_order":0,"comment_status":"closed","ping_status":"closed","template":"","meta":{"footnotes":""},"class_list":["post-196","page","type-page","status-publish","hentry"],"yoast_head":"<!-- This site is optimized with the Yoast SEO plugin v26.8 - https:\/\/yoast.com\/product\/yoast-seo-wordpress\/ -->\n<title>Instalaciones de baja tensi\u00f3n y telecomunicaciones - Copper Servicios El\u00e9ctricos SL<\/title>\n<meta name=\"robots\" content=\"index, follow, max-snippet:-1, max-image-preview:large, max-video-preview:-1\" \/>\n<link rel=\"canonical\" href=\"https:\/\/copperelectricidad.es\/index.php\/instalaciones-de-baja-tension-y-telecomunicaciones\/\" \/>\n<meta property=\"og:locale\" content=\"es_ES\" \/>\n<meta property=\"og:type\" content=\"article\" \/>\n<meta property=\"og:title\" content=\"Instalaciones de baja tensi\u00f3n y telecomunicaciones - Copper Servicios El\u00e9ctricos SL\" \/>\n<meta property=\"og:url\" content=\"https:\/\/copperelectricidad.es\/index.php\/instalaciones-de-baja-tension-y-telecomunicaciones\/\" \/>\n<meta property=\"og:site_name\" content=\"Copper Servicios El\u00e9ctricos SL\" \/>\n<meta property=\"article:modified_time\" content=\"2021-03-17T09:56:41+00:00\" \/>\n<meta name=\"twitter:card\" content=\"summary_large_image\" \/>\n<script type=\"application\/ld+json\" class=\"yoast-schema-graph\">{\"@context\":\"https:\/\/schema.org\",\"@graph\":[{\"@type\":\"WebPage\",\"@id\":\"https:\/\/copperelectricidad.es\/index.php\/instalaciones-de-baja-tension-y-telecomunicaciones\/\",\"url\":\"https:\/\/copperelectricidad.es\/index.php\/instalaciones-de-baja-tension-y-telecomunicaciones\/\",\"name\":\"Instalaciones de baja tensi\u00f3n y telecomunicaciones - Copper Servicios El\u00e9ctricos SL\",\"isPartOf\":{\"@id\":\"https:\/\/copperelectricidad.es\/#website\"},\"datePublished\":\"2021-03-17T09:56:40+00:00\",\"dateModified\":\"2021-03-17T09:56:41+00:00\",\"breadcrumb\":{\"@id\":\"https:\/\/copperelectricidad.es\/index.php\/instalaciones-de-baja-tension-y-telecomunicaciones\/#breadcrumb\"},\"inLanguage\":\"es\",\"potentialAction\":[{\"@type\":\"ReadAction\",\"target\":[\"https:\/\/copperelectricidad.es\/index.php\/instalaciones-de-baja-tension-y-telecomunicaciones\/\"]}]},{\"@type\":\"BreadcrumbList\",\"@id\":\"https:\/\/copperelectricidad.es\/index.php\/instalaciones-de-baja-tension-y-telecomunicaciones\/#breadcrumb\",\"itemListElement\":[{\"@type\":\"ListItem\",\"position\":1,\"name\":\"Portada\",\"item\":\"https:\/\/copperelectricidad.es\/\"},{\"@type\":\"ListItem\",\"position\":2,\"name\":\"Instalaciones de baja tensi\u00f3n y telecomunicaciones\"}]},{\"@type\":\"WebSite\",\"@id\":\"https:\/\/copperelectricidad.es\/#website\",\"url\":\"https:\/\/copperelectricidad.es\/\",\"name\":\"Copper Servicios El\u00e9ctricos SL\",\"description\":\"Especializados en ingenier\u00eda industrial y servicios el\u00e9ctricos.\",\"potentialAction\":[{\"@type\":\"SearchAction\",\"target\":{\"@type\":\"EntryPoint\",\"urlTemplate\":\"https:\/\/copperelectricidad.es\/?s={search_term_string}\"},\"query-input\":{\"@type\":\"PropertyValueSpecification\",\"valueRequired\":true,\"valueName\":\"search_term_string\"}}],\"inLanguage\":\"es\"}]}<\/script>\n<!-- \/ Yoast SEO plugin. -->","yoast_head_json":{"title":"Instalaciones de baja tensi\u00f3n y telecomunicaciones - Copper Servicios El\u00e9ctricos SL","robots":{"index":"index","follow":"follow","max-snippet":"max-snippet:-1","max-image-preview":"max-image-preview:large","max-video-preview":"max-video-preview:-1"},"canonical":"https:\/\/copperelectricidad.es\/index.php\/instalaciones-de-baja-tension-y-telecomunicaciones\/","og_locale":"es_ES","og_type":"article","og_title":"Instalaciones de baja tensi\u00f3n y telecomunicaciones - Copper Servicios El\u00e9ctricos SL","og_url":"https:\/\/copperelectricidad.es\/index.php\/instalaciones-de-baja-tension-y-telecomunicaciones\/","og_site_name":"Copper Servicios El\u00e9ctricos SL","article_modified_time":"2021-03-17T09:56:41+00:00","twitter_card":"summary_large_image","schema":{"@context":"https:\/\/schema.org","@graph":[{"@type":"WebPage","@id":"https:\/\/copperelectricidad.es\/index.php\/instalaciones-de-baja-tension-y-telecomunicaciones\/","url":"https:\/\/copperelectricidad.es\/index.php\/instalaciones-de-baja-tension-y-telecomunicaciones\/","name":"Instalaciones de baja tensi\u00f3n y telecomunicaciones - Copper Servicios El\u00e9ctricos SL","isPartOf":{"@id":"https:\/\/copperelectricidad.es\/#website"},"datePublished":"2021-03-17T09:56:40+00:00","dateModified":"2021-03-17T09:56:41+00:00","breadcrumb":{"@id":"https:\/\/copperelectricidad.es\/index.php\/instalaciones-de-baja-tension-y-telecomunicaciones\/#breadcrumb"},"inLanguage":"es","potentialAction":[{"@type":"ReadAction","target":["https:\/\/copperelectricidad.es\/index.php\/instalaciones-de-baja-tension-y-telecomunicaciones\/"]}]},{"@type":"BreadcrumbList","@id":"https:\/\/copperelectricidad.es\/index.php\/instalaciones-de-baja-tension-y-telecomunicaciones\/#breadcrumb","itemListElement":[{"@type":"ListItem","position":1,"name":"Portada","item":"https:\/\/copperelectricidad.es\/"},{"@type":"ListItem","position":2,"name":"Instalaciones de baja tensi\u00f3n y telecomunicaciones"}]},{"@type":"WebSite","@id":"https:\/\/copperelectricidad.es\/#website","url":"https:\/\/copperelectricidad.es\/","name":"Copper Servicios El\u00e9ctricos SL","description":"Especializados en ingenier\u00eda industrial y servicios el\u00e9ctricos.","potentialAction":[{"@type":"SearchAction","target":{"@type":"EntryPoint","urlTemplate":"https:\/\/copperelectricidad.es\/?s={search_term_string}"},"query-input":{"@type":"PropertyValueSpecification","valueRequired":true,"valueName":"search_term_string"}}],"inLanguage":"es"}]}},"_links":{"self":[{"href":"https:\/\/copperelectricidad.es\/index.php\/wp-json\/wp\/v2\/pages\/196","targetHints":{"allow":["GET"]}}],"collection":[{"href":"https:\/\/copperelectricidad.es\/index.php\/wp-json\/wp\/v2\/pages"}],"about":[{"href":"https:\/\/copperelectricidad.es\/index.php\/wp-json\/wp\/v2\/types\/page"}],"author":[{"embeddable":true,"href":"https:\/\/copperelectricidad.es\/index.php\/wp-json\/wp\/v2\/users\/1"}],"replies":[{"embeddable":true,"href":"https:\/\/copperelectricidad.es\/index.php\/wp-json\/wp\/v2\/comments?post=196"}],"version-history":[{"count":1,"href":"https:\/\/copperelectricidad.es\/index.php\/wp-json\/wp\/v2\/pages\/196\/revisions"}],"predecessor-version":[{"id":197,"href":"https:\/\/copperelectricidad.es\/index.php\/wp-json\/wp\/v2\/pages\/196\/revisions\/197"}],"wp:attachment":[{"href":"https:\/\/copperelectricidad.es\/index.php\/wp-json\/wp\/v2\/media?parent=196"}],"curies":[{"name":"wp","href":"https:\/\/api.w.org\/{rel}","templated":true}]}}